{"id":61,"date":"2024-08-29T00:33:22","date_gmt":"2024-08-29T00:33:22","guid":{"rendered":"https:\/\/nyanistyle.com\/home\/"},"modified":"2026-03-17T15:12:24","modified_gmt":"2026-03-17T15:12:24","slug":"inicio-espanol","status":"publish","type":"page","link":"https:\/\/nyanistyle.com\/en\/","title":{"rendered":"Home"},"content":{"rendered":"<div data-elementor-type=\"wp-page\" data-elementor-id=\"61\" class=\"elementor elementor-61\" data-elementor-post-type=\"page\">\n\t\t\t\t<div class=\"elementor-element elementor-element-ba80f71 e-flex e-con-boxed e-con e-parent\" data-id=\"ba80f71\" data-element_type=\"container\" data-e-type=\"container\">\n\t\t\t\t\t<div class=\"e-con-inner\">\n\t\t<div class=\"elementor-element elementor-element-8c4e61b e-con-full e-flex e-con e-child\" data-id=\"8c4e61b\" data-element_type=\"container\" data-e-type=\"container\">\n\t\t\t\t<div class=\"elementor-element elementor-element-f1c5883 elementor-widget elementor-widget-heading\" data-id=\"f1c5883\" data-element_type=\"widget\" data-e-type=\"widget\" data-widget_type=\"heading.default\">\n\t\t\t\t\t<h1 class=\"elementor-heading-title elementor-size-default\">Curating permanence through thoughtful design<\/h1>\t\t\t\t<\/div>\n\t\t\t\t<div class=\"elementor-element elementor-element-31299a2 elementor-widget elementor-widget-text-editor\" data-id=\"31299a2\" data-element_type=\"widget\" data-e-type=\"widget\" data-widget_type=\"text-editor.default\">\n\t\t\t\t\t\t\t\t\t<p>Our premium luxury basics are crafted with smart fibers designed not just to withstand life, but to evolve with it.<\/p>\t\t\t\t\t\t\t\t<\/div>\n\t\t\t\t<div class=\"elementor-element elementor-element-e6bef76 elementor-align-center elementor-widget elementor-widget-button\" data-id=\"e6bef76\" data-element_type=\"widget\" data-e-type=\"widget\" data-widget_type=\"button.default\">\n\t\t\t\t\t\t\t\t\t\t<a class=\"elementor-button elementor-button-link elementor-size-sm\" href=\"#\">\n\t\t\t\t\t\t<span class=\"elementor-button-content-wrapper\">\n\t\t\t\t\t\t\t\t\t<span class=\"elementor-button-text\">Shop the Collection<\/span>\n\t\t\t\t\t<\/span>\n\t\t\t\t\t<\/a>\n\t\t\t\t\t\t\t\t<\/div>\n\t\t\t\t<\/div>\n\t\t\t\t\t<\/div>\n\t\t\t\t<\/div>\n\t\t<div class=\"elementor-element elementor-element-3557186 e-flex e-con-boxed e-con e-parent\" data-id=\"3557186\" data-element_type=\"container\" data-e-type=\"container\">\n\t\t\t\t\t<div class=\"e-con-inner\">\n\t\t<div class=\"elementor-element elementor-element-af419c1 e-con-full e-flex e-con e-child\" data-id=\"af419c1\" data-element_type=\"container\" data-e-type=\"container\">\n\t\t\t\t<div class=\"elementor-element elementor-element-4195391 elementor-widget elementor-widget-heading\" data-id=\"4195391\" data-element_type=\"widget\" data-e-type=\"widget\" data-widget_type=\"heading.default\">\n\t\t\t\t\t<h1 class=\"elementor-heading-title elementor-size-default\">Softness that evolves<\/h1>\t\t\t\t<\/div>\n\t\t\t\t<div class=\"elementor-element elementor-element-04acd40 elementor-widget elementor-widget-text-editor\" data-id=\"04acd40\" data-element_type=\"widget\" data-e-type=\"widget\" data-widget_type=\"text-editor.default\">\n\t\t\t\t\t\t\t\t\t<p>Unlike conventional luxury, our premium basics refine themselves with every wash. This is textile maturity: a softness that evolves without losing its shape, ensuring progressive comfort with every wear<\/p>\t\t\t\t\t\t\t\t<\/div>\n\t\t\t\t<div class=\"elementor-element elementor-element-40798b9 elementor-align-center elementor-widget elementor-widget-button\" data-id=\"40798b9\" data-element_type=\"widget\" data-e-type=\"widget\" data-widget_type=\"button.default\">\n\t\t\t\t\t\t\t\t\t\t<a class=\"elementor-button elementor-button-link elementor-size-sm\" href=\"#\">\n\t\t\t\t\t\t<span class=\"elementor-button-content-wrapper\">\n\t\t\t\t\t\t\t\t\t<span class=\"elementor-button-text\">The Real Test<\/span>\n\t\t\t\t\t<\/span>\n\t\t\t\t\t<\/a>\n\t\t\t\t\t\t\t\t<\/div>\n\t\t\t\t<\/div>\n\t\t\t\t\t<\/div>\n\t\t\t\t<\/div>\n\t\t<div class=\"elementor-element elementor-element-ac9e53d e-flex e-con-boxed e-con e-parent\" data-id=\"ac9e53d\" data-element_type=\"container\" data-e-type=\"container\">\n\t\t\t\t\t<div class=\"e-con-inner\">\n\t\t<div class=\"elementor-element elementor-element-0074c82 e-con-full e-flex e-con e-child\" data-id=\"0074c82\" data-element_type=\"container\" data-e-type=\"container\">\n\t\t\t\t<div class=\"elementor-element elementor-element-de7d843 elementor-widget elementor-widget-heading\" data-id=\"de7d843\" data-element_type=\"widget\" data-e-type=\"widget\" data-widget_type=\"heading.default\">\n\t\t\t\t\t<h1 class=\"elementor-heading-title elementor-size-default\">More than a brand, a smart fiber laboratory<\/h1>\t\t\t\t<\/div>\n\t\t\t\t<div class=\"elementor-element elementor-element-df00982 elementor-widget elementor-widget-text-editor\" data-id=\"df00982\" data-element_type=\"widget\" data-e-type=\"widget\" data-widget_type=\"text-editor.default\">\n\t\t\t\t\t\t\t\t\t<p>After scouring the world\u2019s largest textile markets, we found the precise balance for our premium basics: 97% cotton-bamboo for freshness and 3% elastane for resilience. Today, we curate new blends with Lyocell and Modal to create the perfect canvas for your daily life.<\/p>\t\t\t\t\t\t\t\t<\/div>\n\t\t\t\t<div class=\"elementor-element elementor-element-5199110 elementor-align-center elementor-widget elementor-widget-button\" data-id=\"5199110\" data-element_type=\"widget\" data-e-type=\"widget\" data-widget_type=\"button.default\">\n\t\t\t\t\t\t\t\t\t\t<a class=\"elementor-button elementor-button-link elementor-size-sm\" href=\"https:\/\/nyanistyle.com\/en\/fibras-inteligentes\/\">\n\t\t\t\t\t\t<span class=\"elementor-button-content-wrapper\">\n\t\t\t\t\t\t\t\t\t<span class=\"elementor-button-text\">Discover Our Fibers<\/span>\n\t\t\t\t\t<\/span>\n\t\t\t\t\t<\/a>\n\t\t\t\t\t\t\t\t<\/div>\n\t\t\t\t<\/div>\n\t\t\t\t\t<\/div>\n\t\t\t\t<\/div>\n\t\t<div class=\"elementor-element elementor-element-e07d793 e-flex e-con-boxed e-con e-parent\" data-id=\"e07d793\" data-element_type=\"container\" data-e-type=\"container\" data-settings=\"{&quot;background_background&quot;:&quot;classic&quot;}\">\n\t\t\t\t\t<div class=\"e-con-inner\">\n\t\t<div class=\"elementor-element elementor-element-40863e8 e-con-full e-flex e-con e-child\" data-id=\"40863e8\" data-element_type=\"container\" data-e-type=\"container\">\n\t\t\t\t<div class=\"elementor-element elementor-element-23ef20f elementor-widget elementor-widget-heading\" data-id=\"23ef20f\" data-element_type=\"widget\" data-e-type=\"widget\" data-widget_type=\"heading.default\">\n\t\t\t\t\t<h1 class=\"elementor-heading-title elementor-size-default\">\"The piece <br> I never want to lose\"<\/h1>\t\t\t\t<\/div>\n\t\t\t\t<div class=\"elementor-element elementor-element-c7fd783 elementor-widget elementor-widget-text-editor\" data-id=\"c7fd783\" data-element_type=\"widget\" data-e-type=\"widget\" data-widget_type=\"text-editor.default\">\n\t\t\t\t\t\t\t\t\t<p>Our clients don\u2019t just look for a garment; they choose premium luxury basics that act as a second skin and a personal sanctuary. It is a piece of textile engineering designed to be worn, washed, and loved for years.<\/p>\t\t\t\t\t\t\t\t<\/div>\n\t\t\t\t<div class=\"elementor-element elementor-element-6826bf7 elementor-align-center elementor-widget elementor-widget-button\" data-id=\"6826bf7\" data-element_type=\"widget\" data-e-type=\"widget\" data-widget_type=\"button.default\">\n\t\t\t\t\t\t\t\t\t\t<a class=\"elementor-button elementor-button-link elementor-size-sm\" href=\"#\">\n\t\t\t\t\t\t<span class=\"elementor-button-content-wrapper\">\n\t\t\t\t\t\t\t\t\t<span class=\"elementor-button-text\">Shop the Collection<\/span>\n\t\t\t\t\t<\/span>\n\t\t\t\t\t<\/a>\n\t\t\t\t\t\t\t\t<\/div>\n\t\t\t\t<\/div>\n\t\t\t\t\t<\/div>\n\t\t\t\t<\/div>\n\t\t<div class=\"elementor-element elementor-element-c18834a e-flex e-con-boxed e-con e-parent\" data-id=\"c18834a\" data-element_type=\"container\" data-e-type=\"container\">\n\t\t\t\t\t<div class=\"e-con-inner\">\n\t\t<div class=\"elementor-element elementor-element-b3a99dd e-con-full e-flex e-con e-child\" data-id=\"b3a99dd\" data-element_type=\"container\" data-e-type=\"container\">\n\t\t\t\t<div class=\"elementor-element elementor-element-f69771f elementor-widget elementor-widget-heading\" data-id=\"f69771f\" data-element_type=\"widget\" data-e-type=\"widget\" data-widget_type=\"heading.default\">\n\t\t\t\t\t<h1 class=\"elementor-heading-title elementor-size-default\">Returning to basics<\/h1>\t\t\t\t<\/div>\n\t\t\t\t<div class=\"elementor-element elementor-element-6610643 elementor-widget elementor-widget-text-editor\" data-id=\"6610643\" data-element_type=\"widget\" data-e-type=\"widget\" data-widget_type=\"text-editor.default\">\n\t\t\t\t\t\t\t\t\t<p>We believe in conscious design and permanence. Our premium luxury basics transcend seasons to build a textile legacy rooted in responsible processes and high-quality fibers.<\/p>\t\t\t\t\t\t\t\t<\/div>\n\t\t\t\t<div class=\"elementor-element elementor-element-5b033e3 elementor-align-center elementor-widget elementor-widget-button\" data-id=\"5b033e3\" data-element_type=\"widget\" data-e-type=\"widget\" data-widget_type=\"button.default\">\n\t\t\t\t\t\t\t\t\t\t<a class=\"elementor-button elementor-button-link elementor-size-sm\" href=\"https:\/\/nyanistyle.com\/en\/manifiesto-diseno-consciente\/\">\n\t\t\t\t\t\t<span class=\"elementor-button-content-wrapper\">\n\t\t\t\t\t\t\t\t\t<span class=\"elementor-button-text\">Our Manifesto<\/span>\n\t\t\t\t\t<\/span>\n\t\t\t\t\t<\/a>\n\t\t\t\t\t\t\t\t<\/div>\n\t\t\t\t<\/div>\n\t\t\t\t\t<\/div>\n\t\t\t\t<\/div>\n\t\t<div class=\"elementor-element elementor-element-a2efb1e elementor-hidden-desktop elementor-hidden-tablet elementor-hidden-mobile e-flex e-con-boxed e-con e-parent\" data-id=\"a2efb1e\" data-element_type=\"container\" data-e-type=\"container\">\n\t\t\t\t\t<div class=\"e-con-inner\">\n\t\t\t\t<div class=\"elementor-element elementor-element-93e2ed7 elementor-widget elementor-widget-heading\" data-id=\"93e2ed7\" data-element_type=\"widget\" data-e-type=\"widget\" data-widget_type=\"heading.default\">\n\t\t\t\t\t<h2 class=\"elementor-heading-title elementor-size-default\">Specialists in Premium Luxury Basics<\/h2>\t\t\t\t<\/div>\n\t\t\t\t<div class=\"elementor-element elementor-element-da9da50 elementor-widget elementor-widget-text-editor\" data-id=\"da9da50\" data-element_type=\"widget\" data-e-type=\"widget\" data-widget_type=\"text-editor.default\">\n\t\t\t\t\t\t\t\t\t<p data-path-to-node=\"8,1\">At Nyani Style, we redefine the essence of <b data-path-to-node=\"8,1\" data-index-in-node=\"43\">premium luxury basics<\/b> through meticulous textile innovation and timeless design. Our \"premium hospitality\" philosophy is woven into every garment, creating pieces that go beyond attire to nurture the wearer's well-being. We believe true distinction resides in the unseen details that are deeply felt. Thus, our <b data-path-to-node=\"8,1\" data-index-in-node=\"390\">smart fibers<\/b> serve as the foundation of every collection, offering unique resilience and a softness that evolves positively with every wash cycle.<\/p><p data-path-to-node=\"8,2\">The integration of <b data-path-to-node=\"8,2\" data-index-in-node=\"11\">bamboo cotton<\/b> into our textile engineering is the result of a tireless search for thermal balance and absolute comfort. This botanical raw material, paired with high-recovery elastane, ensures our t-shirts and basics retain their impeccable structure despite the rigors of daily life. <b data-path-to-node=\"8,2\" data-index-in-node=\"329\">Sustainable fashion<\/b> is our guiding light; we produce through responsible processes that secure a lasting textile legacy, actively challenging the obsolescence of the traditional fashion industry.<\/p>\t\t\t\t\t\t\t\t<\/div>\n\t\t\t\t<div class=\"elementor-element elementor-element-1d8981c elementor-widget elementor-widget-heading\" data-id=\"1d8981c\" data-element_type=\"widget\" data-e-type=\"widget\" data-widget_type=\"heading.default\">\n\t\t\t\t\t<h3 class=\"elementor-heading-title elementor-size-default\">A Commitment to Quality and Hospitality<\/h3>\t\t\t\t<\/div>\n\t\t\t\t<div class=\"elementor-element elementor-element-01a8d3f elementor-widget elementor-widget-image\" data-id=\"01a8d3f\" data-element_type=\"widget\" data-e-type=\"widget\" data-widget_type=\"image.default\">\n\t\t\t\t\t\t\t\t\t\t\t\t\t\t\t<img decoding=\"async\" width=\"150\" height=\"150\" src=\"https:\/\/nyanistyle.com\/wp-content\/uploads\/2024\/09\/6F1A85951-150x150.jpg\" class=\"attachment-thumbnail size-thumbnail wp-image-3335\" alt=\"B\u00e1sicos de lujo premium Nyani Style\" srcset=\"https:\/\/nyanistyle.com\/wp-content\/uploads\/2024\/09\/6F1A85951-150x150.jpg 150w, https:\/\/nyanistyle.com\/wp-content\/uploads\/2024\/09\/6F1A85951-300x300.jpg 300w, https:\/\/nyanistyle.com\/wp-content\/uploads\/2024\/09\/6F1A85951-100x100.jpg 100w\" sizes=\"(max-width: 150px) 100vw, 150px\" \/>\t\t\t\t\t\t\t\t\t\t\t\t\t\t\t<\/div>\n\t\t\t\t<div class=\"elementor-element elementor-element-c1cbae3 elementor-widget elementor-widget-text-editor\" data-id=\"c1cbae3\" data-element_type=\"widget\" data-e-type=\"widget\" data-widget_type=\"text-editor.default\">\n\t\t\t\t\t\t\t\t\t<p data-path-to-node=\"8,4\">We believe a second skin should be a sanctuary of well-being. By choosing our <b data-path-to-node=\"8,4\" data-index-in-node=\"73\">premium luxury basics<\/b>, our clients invest in longevity and progressive softness. Each thread of our <b data-path-to-node=\"8,4\" data-index-in-node=\"193\">smart fibers<\/b> is curated to deliver superior performance in high-end environments. This \"textile maturity\" is our signature: what others perceive as wear, we at Nyani define as sensory evolution.<\/p><p data-path-to-node=\"8,5\">Our design methodology transcends seasons, focusing instead on permanence. By optimizing the use of responsible <b data-path-to-node=\"8,5\" data-index-in-node=\"109\"><a class=\"ng-star-inserted\" href=\"https:\/\/www.google.com\/search?q=https:\/\/es.wikipedia.org\/wiki\/Fibra_textil\" target=\"_blank\" rel=\"noopener\">botanical fibers<\/a><\/b> we minimize our environmental footprint while elevating the industry's tactile standards. We invite you to discover our <b data-path-to-node=\"8,5\" data-index-in-node=\"266\"><a class=\"ng-star-inserted\" href=\"https:\/\/www.google.com\/search?q=https:\/\/nyanistyle.com\/fibras-inteligentes\/\" target=\"_blank\" rel=\"noopener\">smart fibers<\/a><\/b> and see why we are the best-kept secret in premium hospitality. Our promise is simple: exceptional quality that is felt from the first touch and endures forever.<\/p>\t\t\t\t\t\t\t\t<\/div>\n\t\t\t\t\t<\/div>\n\t\t\t\t<\/div>\n\t\t\t\t<\/div>","protected":false},"excerpt":{"rendered":"<p>Creando permanencia a trav\u00e9s del dise\u00f1o consciente Nuestros b\u00e1sicos de lujo premium est\u00e1n dise\u00f1ados con fibras inteligentes que no solo resisten la vida, sino que mejoran con ella. Explorar Colecci\u00f3n Una suavidad que evoluciona A diferencia del lujo convencional, nuestros b\u00e1sicos de lujo premium se pulen con cada lavado. Es madurez textil: una suavidad que [&hellip;]<\/p>\n","protected":false},"author":1,"featured_media":0,"parent":0,"menu_order":2,"comment_status":"closed","ping_status":"closed","template":"elementor_header_footer","meta":{"_uag_custom_page_level_css":"","footnotes":""},"class_list":["post-61","page","type-page","status-publish","hentry"],"uagb_featured_image_src":{"full":false,"thumbnail":false,"medium":false,"medium_large":false,"large":false,"1536x1536":false,"2048x2048":false,"trp-custom-language-flag":false,"woocommerce_thumbnail":false,"woocommerce_single":false,"woocommerce_gallery_thumbnail":false},"uagb_author_info":{"display_name":"d.designproject123@gmail.com","author_link":"https:\/\/nyanistyle.com\/en\/author\/d-designproject123gmail-com\/"},"uagb_comment_info":0,"uagb_excerpt":"Creando permanencia a trav\u00e9s del dise\u00f1o consciente Nuestros b\u00e1sicos de lujo premium est\u00e1n dise\u00f1ados con fibras inteligentes que no solo resisten la vida, sino que mejoran con ella. Explorar Colecci\u00f3n Una suavidad que evoluciona A diferencia del lujo convencional, nuestros b\u00e1sicos de lujo premium se pulen con cada lavado. Es madurez textil: una suavidad que&hellip;","_links":{"self":[{"href":"https:\/\/nyanistyle.com\/en\/wp-json\/wp\/v2\/pages\/61","targetHints":{"allow":["GET"]}}],"collection":[{"href":"https:\/\/nyanistyle.com\/en\/wp-json\/wp\/v2\/pages"}],"about":[{"href":"https:\/\/nyanistyle.com\/en\/wp-json\/wp\/v2\/types\/page"}],"author":[{"embeddable":true,"href":"https:\/\/nyanistyle.com\/en\/wp-json\/wp\/v2\/users\/1"}],"replies":[{"embeddable":true,"href":"https:\/\/nyanistyle.com\/en\/wp-json\/wp\/v2\/comments?post=61"}],"version-history":[{"count":1279,"href":"https:\/\/nyanistyle.com\/en\/wp-json\/wp\/v2\/pages\/61\/revisions"}],"predecessor-version":[{"id":5614,"href":"https:\/\/nyanistyle.com\/en\/wp-json\/wp\/v2\/pages\/61\/revisions\/5614"}],"wp:attachment":[{"href":"https:\/\/nyanistyle.com\/en\/wp-json\/wp\/v2\/media?parent=61"}],"curies":[{"name":"wp","href":"https:\/\/api.w.org\/{rel}","templated":true}]}}